{"id":10,"date":"2018-05-24T00:14:46","date_gmt":"2018-05-23T22:14:46","guid":{"rendered":"http:\/\/thomasrotter.de\/?page_id=10"},"modified":"2019-03-10T18:32:06","modified_gmt":"2019-03-10T17:32:06","slug":"ueber-mich","status":"publish","type":"page","link":"http:\/\/thomasrotter.de\/index.php\/ueber-mich\/","title":{"rendered":"\u00dcber mich"},"content":{"rendered":"<p>Musik spielt seit meiner Jugend in meinem Leben eine entscheidende und pr\u00e4gende Rolle.<br \/>Am Anfang faszinierten mich die Kl\u00e4nge, die man aus einem Akkordeon oder aus einer Trompete zaubern kann.<br \/>Sp\u00e4ter dann, hat mich das Fagott begeistert und mir die ersten Unterrichtsstunden an der Musikschule beschert.<br \/>Die Musik von Johann Sebastian Bach, auf der Gitarre gespielt, hat dann letztendlich meine Leidenschaft und das n\u00f6tige Feuer entfacht, um ernsthaft ein Instrument zu erlernen.<br \/>Nach der Gitarre kam eher zuf\u00e4llig der E-Bass und mit ihm die neue und spannende Welt der improvisierten Musik. (Menschen, die immer eine Schublade brauchen, d\u00fcrfen hier gerne den Begriff &#8222;Jazz&#8220; verwenden) \ud83d\ude09<\/p>\n<p>Improvisation, in der Musik und auch im Leben, ist bis heute ein zentrales Thema f\u00fcr mich.<\/p>\n<p>Musik ist die Sprache der Freiheit!<\/p>\n<p>\u00a0<\/p>\n<div class=\"pcl_tooltip_box\" style=\"display: none;\">\n<p>Image already added<\/p>\n<div class=\"arrow border\">\u00a0<\/div>\n<div class=\"arrow\">\u00a0<\/div>\n<\/div>\n<div class=\"pcl_global_mask\" style=\"display: none;\">\u00a0<\/div>\n\n\n<figure class=\"wp-block-image is-resized\"><img loading=\"lazy\" decoding=\"async\" src=\"http:\/\/thomasrotter.de\/wp-content\/uploads\/46650507_2281665735239913_1802083748150247424_o-1024x683.png\" alt=\"\" class=\"wp-image-133\" width=\"593\" height=\"395\" srcset=\"http:\/\/thomasrotter.de\/wp-content\/uploads\/46650507_2281665735239913_1802083748150247424_o-1024x683.png 1024w, http:\/\/thomasrotter.de\/wp-content\/uploads\/46650507_2281665735239913_1802083748150247424_o-300x200.png 300w, http:\/\/thomasrotter.de\/wp-content\/uploads\/46650507_2281665735239913_1802083748150247424_o-768x512.png 768w, http:\/\/thomasrotter.de\/wp-content\/uploads\/46650507_2281665735239913_1802083748150247424_o.png 1280w\" sizes=\"auto, (max-width: 593px) 100vw, 593px\" \/><figcaption>Photo by Olga Anisimova<\/figcaption><\/figure>\n","protected":false},"excerpt":{"rendered":"<p>Musik spielt seit meiner Jugend in meinem Leben eine entscheidende und pr\u00e4gende Rolle.Am Anfang faszinierten mich die Kl\u00e4nge, die man aus einem Akkordeon oder aus einer Trompete zaubern kann.Sp\u00e4ter dann, hat mich das Fagott begeistert und mir die ersten Unterrichtsstunden an der Musikschule beschert.Die Musik von Johann Sebastian Bach, auf der Gitarre gespielt, hat dann &hellip; <\/p>\n<p class=\"link-more\"><a href=\"http:\/\/thomasrotter.de\/index.php\/ueber-mich\/\" class=\"more-link\"><span class=\"screen-reader-text\">\u201e\u00dcber mich\u201c<\/span> weiterlesen<\/a><\/p>\n","protected":false},"author":1,"featured_media":0,"parent":0,"menu_order":0,"comment_status":"closed","ping_status":"closed","template":"","meta":{"footnotes":""},"class_list":["post-10","page","type-page","status-publish","hentry"],"_links":{"self":[{"href":"http:\/\/thomasrotter.de\/index.php\/wp-json\/wp\/v2\/pages\/10","targetHints":{"allow":["GET"]}}],"collection":[{"href":"http:\/\/thomasrotter.de\/index.php\/wp-json\/wp\/v2\/pages"}],"about":[{"href":"http:\/\/thomasrotter.de\/index.php\/wp-json\/wp\/v2\/types\/page"}],"author":[{"embeddable":true,"href":"http:\/\/thomasrotter.de\/index.php\/wp-json\/wp\/v2\/users\/1"}],"replies":[{"embeddable":true,"href":"http:\/\/thomasrotter.de\/index.php\/wp-json\/wp\/v2\/comments?post=10"}],"version-history":[{"count":5,"href":"http:\/\/thomasrotter.de\/index.php\/wp-json\/wp\/v2\/pages\/10\/revisions"}],"predecessor-version":[{"id":136,"href":"http:\/\/thomasrotter.de\/index.php\/wp-json\/wp\/v2\/pages\/10\/revisions\/136"}],"wp:attachment":[{"href":"http:\/\/thomasrotter.de\/index.php\/wp-json\/wp\/v2\/media?parent=10"}],"curies":[{"name":"wp","href":"https:\/\/api.w.org\/{rel}","templated":true}]}}