{"id":189,"date":"2022-11-24T21:51:50","date_gmt":"2022-11-24T20:51:50","guid":{"rendered":"http:\/\/thomasrotter.de\/?page_id=189"},"modified":"2024-09-26T21:49:39","modified_gmt":"2024-09-26T19:49:39","slug":"e-bass-unterricht","status":"publish","type":"page","link":"http:\/\/thomasrotter.de\/index.php\/e-bass-unterricht\/","title":{"rendered":"E-Bass Unterricht"},"content":{"rendered":"\n<p>Seit meiner Abschlusspr\u00fcfung an der Musikhochschule Stuttgart im Jahr 1992 unterrichte ich das Instrument E-Bass neben meiner Leidenschaft als konzertierender Musiker und Komponist. Mit meiner langj\u00e4hrigen Erfahrung und Praxis, kann ich sicher sagen, dass meine Sch\u00fcler*<em>innen in meinem Unterricht, egal ob Anf\u00e4nger<\/em>*in oder fortgeschrittene\/<em>r Musiker<\/em>*in, das Instrument gut und zuverl\u00e4ssig erlernen k\u00f6nnen. So wird das Musizieren auf dem E-Bass zu einer echten, befriedigenden und dauerhaften Bereicherung des Lebens.<\/p>\n\n\n\n<p>Ich vertrete die Meinung, dass das aktive Musizieren die Hirnt\u00e4tigkeit und die Intelligenz f\u00f6rdert. Dies wurde in wissenschaftlichen Studien mehrfach nachgewiesen. Gerade das gemeinsame Musizieren, besonders mit dem Bass, verlangt den Spieler*innen ab, \u00fcber soziale und andere Grenzen hinweg einen gemeinsamen Konsens zu finden.<\/p>\n\n\n\n<p>Die F\u00e4higkeit, ein Instrument zu spielen, geht nicht verloren. Jede Minute investierte \u00dcbezeit wird im Langzeitged\u00e4chtnis gespeichert. Selbst Sch\u00fcler*innen, die seit Jahrzehnten pausiert haben, erreichen nach wenigen Wochen wieder das Level, mit dem sie aufgeh\u00f6rt haben.<\/p>\n\n\n\n<p>Instrumentalunterricht kann teuer erscheinen. Die Geb\u00fchren sind in den letzten Jahren stetig gestiegen, und je nach Bundesland und Stadt zahlt man im Schnitt ca. 80 Euro monatlich f\u00fcr 30 Minuten Einzelunterricht. Das summiert sich auf 960 Euro pro Jahr und auf 5760 Euro f\u00fcr sechs Jahre, die Zeit, die man meiner Erfahrung nach ben\u00f6tigt, um verl\u00e4ssliche und dauerhafte F\u00e4higkeiten zu erlernen. Doch wie viel haben Sie f\u00fcr Ihr letztes Auto bezahlt und wie lange haben Sie Freude daran gehabt? Der Instrumentalunterricht legt das Fundament f\u00fcr eine lebenslange F\u00e4higkeit, die nicht an Wert verliert, sondern im Lauf des Lebens an Wert gewinnt.<\/p>\n\n\n\n<p>Mein Pl\u00e4doyer lautet deshalb: Ein fr\u00fcher Anfang lohnt sich IMMER! Auch wenn es Phasen von &#8222;keine Lust&#8220; und &#8222;kein Bock&#8220; gibt &#8211; das ist normal und menschlich. Am Ende z\u00e4hlt jedoch das, was bleibt, und das ist meistens eine ganze Menge.<\/p>\n\n\n\n<p>Ich biete eine kostenlose Probestunde inklusive Beratung an, die Sie jederzeit \u00fcber das Kontaktformular oder die Sekretariat-Adressen auf den jeweiligen Websites vereinbaren k\u00f6nnen. Ich unterrichte sowohl privat in Stuttgart-Kaltental als auch an st\u00e4dtischen und \u00f6ffentlichen Musikschulen.<\/p>\n\n\n\n<p><a href=\"https:\/\/musikschule.fellbach.de\/de\/ueber-uns\/Lehrkraefte\/Lehrkraft?view=publish&amp;item=staff&amp;id=1621\" data-type=\"URL\" data-id=\"https:\/\/musikschule.fellbach.de\/de\/ueber-uns\/Lehrkraefte\/Lehrkraft?view=publish&amp;item=staff&amp;id=1621\" target=\"_blank\" rel=\"noreferrer noopener\">Fellbach<\/a><br><br><a href=\"https:\/\/www.esslingen.de\/site\/Esslingen_Layout_2022\/node\/21586836?QUERYSTRING=thomas%20Rotter\" target=\"_blank\" rel=\"noreferrer noopener\">Esslingen<\/a><br><br><a href=\"https:\/\/www.hegelgymnasium.de\/was-wir-tun\/musikschule\/\" data-type=\"URL\" data-id=\"https:\/\/www.hegelgymnasium.de\/was-wir-tun\/musikschule\/\" target=\"_blank\" rel=\"noreferrer noopener\">Hegelgymnasium Stuttgart Vaihingen (nur Sch\u00fcler des Gymnasiums)<\/a><\/p>\n\n\n\n<p><\/p>\n\n\n\n<p><br><\/p>\n\n\n\n<p><\/p>\n","protected":false},"excerpt":{"rendered":"<p>Seit meiner Abschlusspr\u00fcfung an der Musikhochschule Stuttgart im Jahr 1992 unterrichte ich das Instrument E-Bass neben meiner Leidenschaft als konzertierender Musiker und Komponist. Mit meiner langj\u00e4hrigen Erfahrung und Praxis, kann ich sicher sagen, dass meine Sch\u00fcler*innen in meinem Unterricht, egal ob Anf\u00e4nger*in oder fortgeschrittene\/r Musiker*in, das Instrument gut und zuverl\u00e4ssig erlernen k\u00f6nnen. So wird das &hellip; <\/p>\n<p class=\"link-more\"><a href=\"http:\/\/thomasrotter.de\/index.php\/e-bass-unterricht\/\" class=\"more-link\"><span class=\"screen-reader-text\">\u201eE-Bass Unterricht\u201c<\/span> weiterlesen<\/a><\/p>\n","protected":false},"author":1,"featured_media":194,"parent":0,"menu_order":0,"comment_status":"open","ping_status":"closed","template":"","meta":{"footnotes":""},"class_list":["post-189","page","type-page","status-publish","has-post-thumbnail","hentry"],"_links":{"self":[{"href":"http:\/\/thomasrotter.de\/index.php\/wp-json\/wp\/v2\/pages\/189","targetHints":{"allow":["GET"]}}],"collection":[{"href":"http:\/\/thomasrotter.de\/index.php\/wp-json\/wp\/v2\/pages"}],"about":[{"href":"http:\/\/thomasrotter.de\/index.php\/wp-json\/wp\/v2\/types\/page"}],"author":[{"embeddable":true,"href":"http:\/\/thomasrotter.de\/index.php\/wp-json\/wp\/v2\/users\/1"}],"replies":[{"embeddable":true,"href":"http:\/\/thomasrotter.de\/index.php\/wp-json\/wp\/v2\/comments?post=189"}],"version-history":[{"count":8,"href":"http:\/\/thomasrotter.de\/index.php\/wp-json\/wp\/v2\/pages\/189\/revisions"}],"predecessor-version":[{"id":214,"href":"http:\/\/thomasrotter.de\/index.php\/wp-json\/wp\/v2\/pages\/189\/revisions\/214"}],"wp:featuredmedia":[{"embeddable":true,"href":"http:\/\/thomasrotter.de\/index.php\/wp-json\/wp\/v2\/media\/194"}],"wp:attachment":[{"href":"http:\/\/thomasrotter.de\/index.php\/wp-json\/wp\/v2\/media?parent=189"}],"curies":[{"name":"wp","href":"https:\/\/api.w.org\/{rel}","templated":true}]}}